{"id":144,"date":"2025-05-20T14:12:02","date_gmt":"2025-05-20T14:12:02","guid":{"rendered":"https:\/\/strongmor.com\/?page_id=144"},"modified":"2026-02-17T07:16:29","modified_gmt":"2026-02-17T07:16:29","slug":"where-to-buy","status":"publish","type":"page","link":"https:\/\/strongmor.com\/fr\/where-to-buy\/","title":{"rendered":"O\u00f9 acheter"},"content":{"rendered":"<p><strong>Strongmor s'engage \u00e0 offrir des produits fiables et de haute qualit\u00e9 \u00e0 un prix abordable. Avec une large gamme d'articles essentiels pour la maison et le commerce, disponibles chez des d\u00e9taillants de confiance partout en Am\u00e9rique du Nord, en magasin et en ligne, nos solutions sont con\u00e7ues pour \u00eatre performantes et s'adapter \u00e0 votre quotidien. Visitez votre magasin pr\u00e9f\u00e9r\u00e9 ou cliquez pour acheter en ligne d\u00e8s aujourd'hui. D\u00e9couvrez ci-dessous quelques-uns des nombreux d\u00e9taillants qui proposent fi\u00e8rement nos marques.<\/strong><\/p>","protected":false},"excerpt":{"rendered":"<p>Strongmor is dedicated to delivering dependable, high-quality products at a value that makes sense. With a wide range of household and commercial essentials available through trusted retailers across North America, both in-store and online, our solutions are built to perform and made to fit into everyday life. Visit your preferred store or click through to [&hellip;]<\/p>","protected":false},"author":1,"featured_media":0,"parent":0,"menu_order":0,"comment_status":"closed","ping_status":"closed","template":"templates\/tpl_whereToBuy.php","meta":{"_acf_changed":false,"om_disable_all_campaigns":false,"_monsterinsights_skip_tracking":false,"_monsterinsights_sitenote_active":false,"_monsterinsights_sitenote_note":"","_monsterinsights_sitenote_category":0,"footnotes":""},"class_list":["post-144","page","type-page","status-publish","hentry"],"acf":[],"aioseo_notices":[],"_links":{"self":[{"href":"https:\/\/strongmor.com\/fr\/wp-json\/wp\/v2\/pages\/144","targetHints":{"allow":["GET"]}}],"collection":[{"href":"https:\/\/strongmor.com\/fr\/wp-json\/wp\/v2\/pages"}],"about":[{"href":"https:\/\/strongmor.com\/fr\/wp-json\/wp\/v2\/types\/page"}],"author":[{"embeddable":true,"href":"https:\/\/strongmor.com\/fr\/wp-json\/wp\/v2\/users\/1"}],"replies":[{"embeddable":true,"href":"https:\/\/strongmor.com\/fr\/wp-json\/wp\/v2\/comments?post=144"}],"version-history":[{"count":16,"href":"https:\/\/strongmor.com\/fr\/wp-json\/wp\/v2\/pages\/144\/revisions"}],"predecessor-version":[{"id":558,"href":"https:\/\/strongmor.com\/fr\/wp-json\/wp\/v2\/pages\/144\/revisions\/558"}],"wp:attachment":[{"href":"https:\/\/strongmor.com\/fr\/wp-json\/wp\/v2\/media?parent=144"}],"curies":[{"name":"wp","href":"https:\/\/api.w.org\/{rel}","templated":true}]}}